{"id":8,"date":"2024-07-29T03:38:58","date_gmt":"2024-07-29T03:38:58","guid":{"rendered":"https:\/\/siteclacr.com\/?page_id=8"},"modified":"2024-08-08T05:05:43","modified_gmt":"2024-08-08T05:05:43","slug":"front_page","status":"publish","type":"page","link":"https:\/\/siteclacr.com\/","title":{"rendered":"Nuestra Empresa"},"content":{"rendered":"\n<div class=\"wp-block-columns alignwide are-vertically-aligned-center is-layout-flex wp-container-core-columns-is-layout-9d6595d7 wp-block-columns-is-layout-flex\">\n<div class=\"wp-block-column is-layout-flow wp-block-column-is-layout-flow\"><div class=\"wp-block-image\">\n<figure class=\"alignright size-full\"><a href=\"https:\/\/www.3cx.es\/reseller\/pbx\/cr\/provincia-de-alajuel\/grecia\/ApDHMy19khPAmubONblrfyXOUW9jNcWDhLCQ1_iDaoY\"><img loading=\"lazy\" decoding=\"async\" width=\"147\" height=\"143\" src=\"https:\/\/siteclacr.com\/wp-content\/uploads\/2024\/07\/Imagen1.png\" alt=\"\" class=\"wp-image-91\"\/><\/a><\/figure><\/div><\/div>\n\n\n\n<div class=\"wp-block-column is-layout-flow wp-block-column-is-layout-flow\"><div class=\"wp-block-image\">\n<figure class=\"alignleft size-thumbnail\"><a href=\"https:\/\/console.sipcaller.com\/signUp?partner=siteclacr\"><img loading=\"lazy\" decoding=\"async\" width=\"150\" height=\"150\" src=\"https:\/\/siteclacr.com\/wp-content\/uploads\/2024\/07\/partner-dark-background-150x150.png\" alt=\"\" class=\"wp-image-150\"\/><\/a><\/figure><\/div><\/div>\n<\/div>\n\n\n\n<p class=\"has-text-align-left has-nv-site-bg-color has-text-color has-link-color has-medium-font-size wp-elements-46cf7ad5a866258d40e5e430a72890b8\">Somos una empresa de capital costarricense, que tiene como objetivo ofrecer al mercado local una amplia gama de servicios y productos tecnol\u00f3gicos para brindar la mejor alternativa en soluciones de sistemas de informaci\u00f3n, apoyado en una cultura interna de servicio, excelencia, recurso humano profesional y \u00e9tico, con recursos tecnol\u00f3gicos de punta y fuerte relaci\u00f3n con nuestros proveedores.<\/p>\n\n\n\n<p class=\"has-text-align-left has-nv-site-bg-color has-text-color has-link-color has-medium-font-size wp-elements-272b2b5e3bf934dfe8c7f2c0f88cecda\">Trabajamos con nuevos clientes y hacemos crecer sus negocios.<\/p>\n\n\n\n<p class=\"has-text-align-left has-nv-site-bg-color has-text-color has-link-color has-medium-font-size wp-elements-488b555b7dd175ac705a1fd591d361a9\">Nuestra Compa\u00f1\u00eda le ofrece:<\/p>\n\n\n\n<p class=\"has-text-align-left has-nv-site-bg-color has-text-color has-link-color has-medium-font-size wp-elements-264e2de7871cd2711a6a56a6ac272d79\">Contratos de mantenimiento y servicio t\u00e9cnico especializado, brindando soporte e implementaciones a nivel de servidores en plataformas Windows y Linux, Centrales Telef\u00f3nicas IP, Desarrollo Sitios Web, Administraci\u00f3n de infraestructura, soporte a usuario final y mucho m\u00e1s.<\/p>\n","protected":false},"excerpt":{"rendered":"<p>Somos una empresa de capital costarricense, que tiene como objetivo ofrecer al mercado local una amplia gama de servicios y productos tecnol\u00f3gicos para brindar la mejor alternativa en soluciones de sistemas de informaci\u00f3n, apoyado en una cultura interna de servicio, excelencia, recurso humano profesional y \u00e9tico, con recursos tecnol\u00f3gicos de punta y fuerte relaci\u00f3n con&hellip;&nbsp;<a href=\"https:\/\/siteclacr.com\/\" rel=\"bookmark\">Read More &raquo;<span class=\"screen-reader-text\">Nuestra Empresa<\/span><\/a><\/p>\n","protected":false},"author":1,"featured_media":187,"parent":0,"menu_order":0,"comment_status":"closed","ping_status":"closed","template":"","meta":{"neve_meta_sidebar":"","neve_meta_container":"","neve_meta_enable_content_width":"","neve_meta_content_width":0,"neve_meta_title_alignment":"","neve_meta_author_avatar":"","neve_post_elements_order":"","neve_meta_disable_header":"","neve_meta_disable_footer":"","neve_meta_disable_title":"","footnotes":""},"class_list":["post-8","page","type-page","status-publish","has-post-thumbnail","hentry"],"_links":{"self":[{"href":"https:\/\/siteclacr.com\/index.php?rest_route=\/wp\/v2\/pages\/8","targetHints":{"allow":["GET"]}}],"collection":[{"href":"https:\/\/siteclacr.com\/index.php?rest_route=\/wp\/v2\/pages"}],"about":[{"href":"https:\/\/siteclacr.com\/index.php?rest_route=\/wp\/v2\/types\/page"}],"author":[{"embeddable":true,"href":"https:\/\/siteclacr.com\/index.php?rest_route=\/wp\/v2\/users\/1"}],"replies":[{"embeddable":true,"href":"https:\/\/siteclacr.com\/index.php?rest_route=%2Fwp%2Fv2%2Fcomments&post=8"}],"version-history":[{"count":21,"href":"https:\/\/siteclacr.com\/index.php?rest_route=\/wp\/v2\/pages\/8\/revisions"}],"predecessor-version":[{"id":253,"href":"https:\/\/siteclacr.com\/index.php?rest_route=\/wp\/v2\/pages\/8\/revisions\/253"}],"wp:featuredmedia":[{"embeddable":true,"href":"https:\/\/siteclacr.com\/index.php?rest_route=\/wp\/v2\/media\/187"}],"wp:attachment":[{"href":"https:\/\/siteclacr.com\/index.php?rest_route=%2Fwp%2Fv2%2Fmedia&parent=8"}],"curies":[{"name":"wp","href":"https:\/\/api.w.org\/{rel}","templated":true}]}}